{"id":112,"date":"2026-01-16T18:27:47","date_gmt":"2026-01-16T17:27:47","guid":{"rendered":"https:\/\/kiku-verein.de\/?page_id=112"},"modified":"2026-01-24T01:17:35","modified_gmt":"2026-01-24T00:17:35","slug":"veranstaltungen","status":"publish","type":"page","link":"http:\/\/kiku-verein.de\/main\/veranstaltungen\/","title":{"rendered":"Veranstaltungen"},"content":{"rendered":"<div id=\"vsel\" class=\"vsel-shortcode vsel-shortcode-upcoming-events\"><div id=\"event-202\" class=\"vsel-content vsel-upcoming vsel-future\"><div class=\"vsel-meta vsel-alignleft\" style=\"width:36%;\"><h3 class=\"vsel-meta-title\">Benefizvorstellung TITANIC (1997)<\/h3><div class=\"vsel-meta-date vsel-meta-single-date\">Datum: <span>28. April 2026<\/span><\/div><div class=\"vsel-meta-time\">Uhrzeit: <span>19:00 &#8211; 23:00<\/span><\/div><div class=\"vsel-meta-location\">Ort: <span>Bambi &amp; Camera Kino Bad Schwalbach<\/span><\/div><div class=\"vsel-meta-map\"><iframe src=\"https:\/\/www.google.com\/maps\/embed?pb=!1m18!1m12!1m3!1d850.7656858322779!2d8.075844757831028!3d50.14451810106537!2m3!1f0!2f0!3f0!3m2!1i1024!2i768!4f13.1!3m3!1m2!1s0x47bdc13699349f71%3A0x91498c661329bb6f!2sBambi%20%26%20Camera!5e1!3m2!1sde!2sde!4v1768584618830!5m2!1sde!2sde\" width=\"600\" height=\"450\" style=\"border:0\" allowfullscreen=\"\" loading=\"lazy\"><\/iframe><\/div><\/div><div class=\"vsel-info vsel-alignright\" style=\"width:60%;\"><div class=\"vsel-text\"><h1>TITANIC (1997)<\/h1>\n<p><img loading=\"lazy\" decoding=\"async\" class=\"alignnone size-full wp-image-200\" src=\"http:\/\/kiku-verein.de\/main\/wp-content\/uploads\/2026\/02\/images_film_mo_558-132069.v17696033404316.jpg\" alt=\"\" width=\"200\" height=\"280\" \/><\/p>\n<p>&#8220;Titanic&#8221; enth\u00e4lt gleich drei Geschichten auf einmal. In der ersten geht es um den Schatzsucher Brock Lovett (Bill Paxton), der das Wrack des ehemals gr\u00f6\u00dften Schiffs der Welt nach dem Diamant-Collier &#8220;Herz des Ozeans&#8221; absucht. Dabei nimmt das Forscherteam Kontakt zur ehemaligen Besitzerin der wertvollen Kette auf. Die Dame hei\u00dft Rose Dawson-Colvert (alt: Gloria Stuart, jung: Kate Winslet) und war 1912 mit an Bord, als das ber\u00fchmte Ungl\u00fcck geschah. Rose erz\u00e4hlt den M\u00e4nnern Geschichte Nr. 2, in der sie sich auf der Jungfernfahrt als verlobtes Oberschichten-M\u00e4dchen in den armen K\u00fcnstler Jack Dawson (Leonardo DiCaprio) verliebt &#8211; eine Liebe \u00fcber gesellschaftliche Klassen hinweg mit all den dazugeh\u00f6rigen Problemen. Diese Liebesgeschichte wiederum geschieht vor dem Hintergrund von Geschichte Nr. 3: Es ist eine Geschichte voller Gr\u00f6\u00dfenwahn und blinder Technikgl\u00e4ubigkeit, die an einem Eisberg endet&#8230;<\/p>\n<p data-start=\"2120\" data-end=\"2388\">Diese Vorstellung dient einem besonderen Zweck:<br data-start=\"2167\" data-end=\"2170\" \/><img decoding=\"async\" class=\"emoji\" role=\"img\" draggable=\"false\" src=\"https:\/\/s.w.org\/images\/core\/emoji\/17.0.2\/svg\/1f449.svg\" alt=\"\ud83d\udc49\" \/>\u00a0<strong data-start=\"2173\" data-end=\"2290\">Die Einnahmen flie\u00dfen \u2013 nach Abzug der Unkosten \u2013 vollst\u00e4ndig in die Finanzierung des Open-Air-Kinojubil\u00e4ums 2026<\/strong>, mit dem im kommenden Jahr\u00a0<strong data-start=\"2318\" data-end=\"2364\">100 Jahre Kinogeschichte in Bad Schwalbach<\/strong>\u00a0gefeiert werden sollen.<\/p>\n<p data-start=\"2390\" data-end=\"2574\">Mit dem Besuch dieser Vorstellung unterst\u00fctzen Sie direkt die kulturelle Arbeit des Vereins und tragen dazu bei, ein generationen\u00fcbergreifendes Open-Air-Kino im Kurpark zu erm\u00f6glichen.<\/p>\n<p data-start=\"2576\" data-end=\"2623\"><img decoding=\"async\" class=\"emoji\" role=\"img\" draggable=\"false\" src=\"https:\/\/s.w.org\/images\/core\/emoji\/17.0.2\/svg\/1f3ac.svg\" alt=\"\ud83c\udfac\" \/>\u00a0<strong data-start=\"2579\" data-end=\"2623\">Kino genie\u00dfen und Kultur m\u00f6glich machen.<\/strong><\/p>\n<h2 data-start=\"2576\" data-end=\"2623\"><strong><a href=\"https:\/\/kino-swa.de\/main\/titanic-1997\/\" target=\"_blank\" rel=\"noopener\">Zur Ticketseite<\/a><\/strong><\/h2>\n<\/div><\/div><\/div><div class=\"vsel-nav\"><\/div><\/div>\r\n\r\n\r\n<p>&nbsp;<\/p>\r\n","protected":false},"excerpt":{"rendered":"<p>&nbsp;<\/p>\n","protected":false},"author":1,"featured_media":0,"parent":0,"menu_order":0,"comment_status":"closed","ping_status":"closed","template":"","meta":{"footnotes":""},"class_list":["post-112","page","type-page","status-publish","hentry","entry"],"_links":{"self":[{"href":"http:\/\/kiku-verein.de\/main\/wp-json\/wp\/v2\/pages\/112","targetHints":{"allow":["GET"]}}],"collection":[{"href":"http:\/\/kiku-verein.de\/main\/wp-json\/wp\/v2\/pages"}],"about":[{"href":"http:\/\/kiku-verein.de\/main\/wp-json\/wp\/v2\/types\/page"}],"author":[{"embeddable":true,"href":"http:\/\/kiku-verein.de\/main\/wp-json\/wp\/v2\/users\/1"}],"replies":[{"embeddable":true,"href":"http:\/\/kiku-verein.de\/main\/wp-json\/wp\/v2\/comments?post=112"}],"version-history":[{"count":3,"href":"http:\/\/kiku-verein.de\/main\/wp-json\/wp\/v2\/pages\/112\/revisions"}],"predecessor-version":[{"id":151,"href":"http:\/\/kiku-verein.de\/main\/wp-json\/wp\/v2\/pages\/112\/revisions\/151"}],"wp:attachment":[{"href":"http:\/\/kiku-verein.de\/main\/wp-json\/wp\/v2\/media?parent=112"}],"curies":[{"name":"wp","href":"https:\/\/api.w.org\/{rel}","templated":true}]}}