{"id":65,"date":"2025-12-16T21:48:19","date_gmt":"2025-12-16T20:48:19","guid":{"rendered":"https:\/\/kiku.kino-swa.de\/?page_id=65"},"modified":"2026-04-21T17:59:26","modified_gmt":"2026-04-21T15:59:26","slug":"mitglied-werden","status":"publish","type":"page","link":"http:\/\/kiku-verein.de\/main\/mitglied-werden\/","title":{"rendered":"Mitglied werden"},"content":{"rendered":"\r\n<p>Vielen Dank f\u00fcr Ihr Interesse an einer Mitgliedschaft im\u00a0<strong>KiKu \u2013 Verein f\u00fcr Kino und Kultur Rheingau-Taunus e.V.<\/strong>\u00a0Der Verein steht grunds\u00e4tzlich allen offen, die seine Ziele unterst\u00fctzen und sich engagieren m\u00f6chten. \u00dcber die Aufnahme entscheidet gem\u00e4\u00df Satzung der Vorstand; im Anschluss erhalten Sie eine entsprechende Mitteilung.<\/p>\r\n\r\n\r\n\r\n\r\n\r\n<p>Die H\u00f6he des Mitgliedsbeitrags richtet sich nach der jeweils g\u00fcltigen\u00a0<strong>Beitragsordnung<\/strong>\u00a0des Vereins. Im Mitgliedsantrag w\u00e4hlen Sie den f\u00fcr Sie geltenden Beitrag und haben die M\u00f6glichkeit, freiwillig einen h\u00f6heren Beitrag festzulegen.<\/p>\r\n\r\n\r\n\r\n<p>Mit freundlichen Gr\u00fc\u00dfen<br \/><strong>KiKu \u2013 Verein f\u00fcr Kino und Kultur Rheingau-Taunus e.V.<\/strong><br \/>Der Vorstand<\/p>\r\n<h3><a href=\"https:\/\/kiku-verein.de\/main\/mitgliedsantrag\/\"><strong>Zum Online Mitgliedsantrag<\/strong><\/a><\/h3>\r\n\r\n<h3><strong><a href=\"http:\/\/kiku-verein.de\/main\/wp-content\/uploads\/2026\/02\/Mitgliedsantrag_KiKu-stand-10.02.2026.pdf\">Download Mitgliedsantrag<\/a><\/strong><\/h3>\r\n\r\n<p>&nbsp;<\/p>\r\n","protected":false},"excerpt":{"rendered":"<p>Vielen Dank f\u00fcr Ihr Interesse an einer Mitgliedschaft im\u00a0KiKu \u2013 Verein f\u00fcr Kino und Kultur Rheingau-Taunus e.V.\u00a0Der Verein steht grunds\u00e4tzlich allen offen, die seine Ziele unterst\u00fctzen und sich engagieren m\u00f6chten. \u00dcber die Aufnahme entscheidet gem\u00e4\u00df Satzung der Vorstand; im Anschluss erhalten Sie eine entsprechende Mitteilung. Die H\u00f6he des Mitgliedsbeitrags richtet sich nach der jeweils g\u00fcltigen\u00a0Beitragsordnung\u00a0des [&hellip;]<\/p>\n","protected":false},"author":1,"featured_media":0,"parent":0,"menu_order":0,"comment_status":"closed","ping_status":"closed","template":"","meta":{"footnotes":""},"class_list":["post-65","page","type-page","status-publish","hentry","entry"],"_links":{"self":[{"href":"http:\/\/kiku-verein.de\/main\/wp-json\/wp\/v2\/pages\/65","targetHints":{"allow":["GET"]}}],"collection":[{"href":"http:\/\/kiku-verein.de\/main\/wp-json\/wp\/v2\/pages"}],"about":[{"href":"http:\/\/kiku-verein.de\/main\/wp-json\/wp\/v2\/types\/page"}],"author":[{"embeddable":true,"href":"http:\/\/kiku-verein.de\/main\/wp-json\/wp\/v2\/users\/1"}],"replies":[{"embeddable":true,"href":"http:\/\/kiku-verein.de\/main\/wp-json\/wp\/v2\/comments?post=65"}],"version-history":[{"count":12,"href":"http:\/\/kiku-verein.de\/main\/wp-json\/wp\/v2\/pages\/65\/revisions"}],"predecessor-version":[{"id":248,"href":"http:\/\/kiku-verein.de\/main\/wp-json\/wp\/v2\/pages\/65\/revisions\/248"}],"wp:attachment":[{"href":"http:\/\/kiku-verein.de\/main\/wp-json\/wp\/v2\/media?parent=65"}],"curies":[{"name":"wp","href":"https:\/\/api.w.org\/{rel}","templated":true}]}}