{"id":74,"date":"2025-12-16T22:28:56","date_gmt":"2025-12-16T21:28:56","guid":{"rendered":"https:\/\/kiku.kino-swa.de\/?page_id=74"},"modified":"2026-03-19T21:12:11","modified_gmt":"2026-03-19T20:12:11","slug":"der-verein-und-seine-ziele","status":"publish","type":"page","link":"http:\/\/kiku-verein.de\/main\/","title":{"rendered":"Der Verein und seine Ziele"},"content":{"rendered":"\r\n<p class=\"has-text-align-center\">Der\u00a0<strong>KiKu \u2013 Verein f\u00fcr Kino und Kultur Rheingau-Taunus e. V.<\/strong>\u00a0wurde am 14. Dezember in Bad Schwalbach im Kino gegr\u00fcndet. Mit 25 Gr\u00fcndungsmitgliedern engagiert sich der Verein f\u00fcr die F\u00f6rderung der Kinokultur in Bad Schwalbach und der Region Rheingau-Taunus. Der Vorstand besteht aus Christian D\u00e4mgen (1. Vorsitzender), Martina Ludwig (2. Vorsitzende) und Ismene Huber (Schatzmeisterin); unterst\u00fctzt wird er von den Beisitzer*innen Kai Scharinger, Bj\u00f6rn Huber, Madita M\u00fcller, Fabian Kara und Andr\u00e9 R\u00f6\u00dfler.<\/p>\r\n\r\n\r\n\r\n<p class=\"has-text-align-center\">Ziel des Vereins ist es, die Kinokultur aktiv zu f\u00f6rdern und das bestehende Kinoangebot sinnvoll zu erg\u00e4nzen und zu erweitern. Im Mittelpunkt stehen Kino- und Open-Air-Kinoveranstaltungen, Filmklassiker, Sonderreihen sowie weitere filmbezogene Projekte. Der Verein versteht sich ausdr\u00fccklich als Erg\u00e4nzung zum regul\u00e4ren gewerblichen Kinobetrieb und m\u00f6chte insbesondere Formate erm\u00f6glichen, die dort so nicht oder nur eingeschr\u00e4nkt umsetzbar sind, etwa zus\u00e4tzliche Kinovorstellungen an den Ruhetagen des Kinos.<\/p>\r\n\r\n\r\n\r\n<p class=\"has-text-align-center\">Ein zentrales Vorhaben des Vereins ist die Organisation eines Open-Air-Kinos anl\u00e4sslich des Jubil\u00e4ums \u201e100 Jahre Kino\u201c, das vom 2. bis 12. Juli 2026 im Kurpark Bad Schwalbach stattfinden soll. F\u00fcr das Er\u00f6ffnungswochenende vom 3. bis 5. Juli 2026 ist ein begleitendes Rahmenprogramm mit Live-Musik geplant, um einen kulturellen Treffpunkt zu schaffen und zumindest einen Teil der durch den Wegfall des Kultursommers entstandenen L\u00fccke im kulturellen Angebot zu schlie\u00dfen. Bereits ab 2026 sind zudem Benefizvorstellungen im Kino mit Filmklassikern vorgesehen, deren Erl\u00f6se in die Finanzierung dieses Open-Air-Kinos flie\u00dfen sollen.<\/p>\r\n\r\n\r\n\r\n<p class=\"has-text-align-center\">Zur Umsetzung seiner Projekte setzt der Verein auf mehrere Finanzierungsm\u00f6glichkeiten. Neben Benefizvorstellungen arbeitet der Vorstand an der Entwicklung einer eigenen Spendenkampagne sowie an Patenschaften f\u00fcr Kinost\u00fchle. Dar\u00fcber hinaus sollen zu gegebener Zeit F\u00f6rderm\u00f6glichkeiten bei Stadt und Land gepr\u00fcft und entsprechende Antr\u00e4ge gestellt werden. Der Verein befindet sich derzeit im Aufbau und bereitet die schrittweise Aufnahme seiner Aktivit\u00e4ten vor.<\/p>\r\n\r\n\r\n\r\n<p class=\"has-text-align-center\">Mitgliedschaften im Verein sind bereits jetzt m\u00f6glich. Interessierte, die sich f\u00fcr Kino, Filmkultur und kulturelles Engagement in Bad Schwalbach begeistern, k\u00f6nnen einen Mitgliedsantrag stellen, indem sie das entsprechende Formular ausdrucken und ausgef\u00fcllt per Post oder per E-Mail an den Verein senden. Alternativ k\u00f6nnen alle f\u00fcr die Mitgliedschaft erforderlichen Angaben auch direkt per E-Mail an <a href=\"mailto:1.vorsitzender@kiku-verein.de\">1.vorsitzender@kiku-verein.de<\/a> \u00fcbermittelt werden.<\/p>\r\n\r\n\r\n\r\n<p>&nbsp;<\/p>\r\n","protected":false},"excerpt":{"rendered":"<p>Der\u00a0KiKu \u2013 Verein f\u00fcr Kino und Kultur Rheingau-Taunus e. V.\u00a0wurde am 14. Dezember in Bad Schwalbach im Kino gegr\u00fcndet. Mit 25 Gr\u00fcndungsmitgliedern engagiert sich der Verein f\u00fcr die F\u00f6rderung der Kinokultur in Bad Schwalbach und der Region Rheingau-Taunus. Der Vorstand besteht aus Christian D\u00e4mgen (1. Vorsitzender), Martina Ludwig (2. Vorsitzende) und Ismene Huber (Schatzmeisterin); unterst\u00fctzt [&hellip;]<\/p>\n","protected":false},"author":1,"featured_media":0,"parent":0,"menu_order":0,"comment_status":"closed","ping_status":"closed","template":"","meta":{"footnotes":""},"class_list":["post-74","page","type-page","status-publish","hentry","entry"],"_links":{"self":[{"href":"http:\/\/kiku-verein.de\/main\/wp-json\/wp\/v2\/pages\/74","targetHints":{"allow":["GET"]}}],"collection":[{"href":"http:\/\/kiku-verein.de\/main\/wp-json\/wp\/v2\/pages"}],"about":[{"href":"http:\/\/kiku-verein.de\/main\/wp-json\/wp\/v2\/types\/page"}],"author":[{"embeddable":true,"href":"http:\/\/kiku-verein.de\/main\/wp-json\/wp\/v2\/users\/1"}],"replies":[{"embeddable":true,"href":"http:\/\/kiku-verein.de\/main\/wp-json\/wp\/v2\/comments?post=74"}],"version-history":[{"count":8,"href":"http:\/\/kiku-verein.de\/main\/wp-json\/wp\/v2\/pages\/74\/revisions"}],"predecessor-version":[{"id":229,"href":"http:\/\/kiku-verein.de\/main\/wp-json\/wp\/v2\/pages\/74\/revisions\/229"}],"wp:attachment":[{"href":"http:\/\/kiku-verein.de\/main\/wp-json\/wp\/v2\/media?parent=74"}],"curies":[{"name":"wp","href":"https:\/\/api.w.org\/{rel}","templated":true}]}}